{"id":526,"date":"2021-01-04T00:20:04","date_gmt":"2021-01-03T23:20:04","guid":{"rendered":"http:\/\/test.nextmeal.dk\/?page_id=526"},"modified":"2021-03-31T17:40:30","modified_gmt":"2021-03-31T15:40:30","slug":"alle-opskrifter","status":"publish","type":"page","link":"https:\/\/test.nextmeal.dk\/en\/alle-opskrifter\/","title":{"rendered":"Alle opskrifter"},"content":{"rendered":"<p><\/p><div class=\"wp-block-uagb-post-grid uagb-post-grid  uagb-post__image-position-top uagb-post__image-enabled uagb-block-debb927e     uagb-post__items uagb-post__columns-3 is-grid uagb-post__columns-tablet-2 uagb-post__columns-mobile-1 uagb-post__equal-height\" data-total=\"1\" style=\"\">\n\n\t\t\t\t\t\t\t\t\t\t\t\t<article class=\"uagb-post__inner-wrap\">\t\t\t\t\t\t\t\t<h4 class=\"uagb-post__title uagb-post__text\">\n\t\t\t\t<a href=\"https:\/\/test.nextmeal.dk\/en\/blog\/opskrift\/onion-bhaji\/\" target=\"_self\" rel=\"bookmark noopener noreferrer\">Onion bhaji<\/a>\n\t\t\t<\/h4>\n\t\t\t\t\t\t<div class='uagb-post__text uagb-post-grid-byline'>\n\t\t\t\t\t\t\t\t<time datetime=\"2021-02-17T23:34:41+01:00\" class=\"uagb-post__date\">\n\t\t\t\t<span class=\"dashicons-calendar dashicons\"><\/span>\t\t\t\t\t17. February 2021\t\t\t\t<\/time>\n\t\t\t\t\t\t<\/div>\n\t\t\t\t\t\t\t<div class='uagb-post__text uagb-post__excerpt'>\n\t\t\t\t\tVegetarisk indisk delikatesse. Giver en intens smag af l\u00f8g og varme krydderier.\t\t\t\t<\/div>\n\t\t\t\t\t\t<div class=\"uagb-post__text uagb-post__cta wp-block-button\">\n\t\t\t\t<a class=\"wp-block-button__link uagb-text-link\" style=\"\" href=\"https:\/\/test.nextmeal.dk\/en\/blog\/opskrift\/onion-bhaji\/\" target=\"_self\" rel=\"bookmark noopener noreferrer\">L\u00e6s mere<\/a>\n\t\t\t<\/div>\n\t\t\t\n\t\t\t\t\t\t\t\t\t<\/article>\n\t\t\t\t\t\t\t\t\t\t\t\t\t\t\t\t<article class=\"uagb-post__inner-wrap\">\t\t\t\t\t\t\t\t<h4 class=\"uagb-post__title uagb-post__text\">\n\t\t\t\t<a href=\"https:\/\/test.nextmeal.dk\/en\/blog\/opskrift\/kagevafler\/\" target=\"_self\" rel=\"bookmark noopener noreferrer\">Kagevafler<\/a>\n\t\t\t<\/h4>\n\t\t\t\t\t\t<div class='uagb-post__text uagb-post-grid-byline'>\n\t\t\t\t\t\t\t\t<time datetime=\"2021-02-17T23:14:44+01:00\" class=\"uagb-post__date\">\n\t\t\t\t<span class=\"dashicons-calendar dashicons\"><\/span>\t\t\t\t\t17. February 2021\t\t\t\t<\/time>\n\t\t\t\t\t\t<\/div>\n\t\t\t\t\t\t\t<div class='uagb-post__text uagb-post__excerpt'>\n\t\t\t\t\tMeget spr\u00f8de og tunge vafler, med en karakteristisk og helt speciel smag.\t\t\t\t<\/div>\n\t\t\t\t\t\t<div class=\"uagb-post__text uagb-post__cta wp-block-button\">\n\t\t\t\t<a class=\"wp-block-button__link uagb-text-link\" style=\"\" href=\"https:\/\/test.nextmeal.dk\/en\/blog\/opskrift\/kagevafler\/\" target=\"_self\" rel=\"bookmark noopener noreferrer\">L\u00e6s mere<\/a>\n\t\t\t<\/div>\n\t\t\t\n\t\t\t\t\t\t\t\t\t<\/article>\n\t\t\t\t\t\t\t\t\t\t\t\t\t\t\t\t<article class=\"uagb-post__inner-wrap\">\t\t\t\t\t\t\t\t<h4 class=\"uagb-post__title uagb-post__text\">\n\t\t\t\t<a href=\"https:\/\/test.nextmeal.dk\/en\/blog\/opskrift\/ketchup\/\" target=\"_self\" rel=\"bookmark noopener noreferrer\">Ketchup<\/a>\n\t\t\t<\/h4>\n\t\t\t\t\t\t<div class='uagb-post__text uagb-post-grid-byline'>\n\t\t\t\t\t\t\t\t<time datetime=\"2021-02-17T23:08:56+01:00\" class=\"uagb-post__date\">\n\t\t\t\t<span class=\"dashicons-calendar dashicons\"><\/span>\t\t\t\t\t17. February 2021\t\t\t\t<\/time>\n\t\t\t\t\t\t<\/div>\n\t\t\t\t\t\t\t<div class='uagb-post__text uagb-post__excerpt'>\n\t\t\t\t\tHjemmelavet ketchup. Denne version minder mest om Heinz i sit smagsudtryk, men afh\u00e6ngigt af krydderiblandingen&#8230;\t\t\t\t<\/div>\n\t\t\t\t\t\t<div class=\"uagb-post__text uagb-post__cta wp-block-button\">\n\t\t\t\t<a class=\"wp-block-button__link uagb-text-link\" style=\"\" href=\"https:\/\/test.nextmeal.dk\/en\/blog\/opskrift\/ketchup\/\" target=\"_self\" rel=\"bookmark noopener noreferrer\">L\u00e6s mere<\/a>\n\t\t\t<\/div>\n\t\t\t\n\t\t\t\t\t\t\t\t\t<\/article>\n\t\t\t\t\t\t\t\t\t\t\t\t\t\t\t\t<article class=\"uagb-post__inner-wrap\">\t\t\t\t\t\t\t\t<h4 class=\"uagb-post__title uagb-post__text\">\n\t\t\t\t<a href=\"https:\/\/test.nextmeal.dk\/en\/blog\/opskrift\/hollandaise\/\" target=\"_self\" rel=\"bookmark noopener noreferrer\">Hollandaise<\/a>\n\t\t\t<\/h4>\n\t\t\t\t\t\t<div class='uagb-post__text uagb-post-grid-byline'>\n\t\t\t\t\t\t\t\t<time datetime=\"2021-02-17T22:46:39+01:00\" class=\"uagb-post__date\">\n\t\t\t\t<span class=\"dashicons-calendar dashicons\"><\/span>\t\t\t\t\t17. February 2021\t\t\t\t<\/time>\n\t\t\t\t\t\t<\/div>\n\t\t\t\t\t\t\t<div class='uagb-post__text uagb-post__excerpt'>\n\t\t\t\t\tHollandaise er en blandt de kendte -aise saucer.\nHollandaise kan tilf\u00f8res smag, men er i denne&#8230;\t\t\t\t<\/div>\n\t\t\t\t\t\t<div class=\"uagb-post__text uagb-post__cta wp-block-button\">\n\t\t\t\t<a class=\"wp-block-button__link uagb-text-link\" style=\"\" href=\"https:\/\/test.nextmeal.dk\/en\/blog\/opskrift\/hollandaise\/\" target=\"_self\" rel=\"bookmark noopener noreferrer\">L\u00e6s mere<\/a>\n\t\t\t<\/div>\n\t\t\t\n\t\t\t\t\t\t\t\t\t<\/article>\n\t\t\t\t\t\t\t\t\t\t\t\t\t\t\t\t<article class=\"uagb-post__inner-wrap\">\t\t\t\t\t\t\t\t<div class='uagb-post__image'>\n\t\t\t\t\t\t\t\t\t<a href=\"https:\/\/test.nextmeal.dk\/en\/blog\/opskrift\/citronmaane\/\" target=\"_self\" rel=\"bookmark noopener noreferrer\" class='uagb-image-ratio-inherit'><img loading=\"lazy\" decoding=\"async\" width=\"300\" height=\"225\" src=\"https:\/\/test.nextmeal.dk\/wp-content\/uploads\/2021\/02\/Citronmaane_2008_01-300x225.jpg\" class=\"attachment-medium size-medium\" alt=\"Citronm\u00e5ne\" srcset=\"https:\/\/test.nextmeal.dk\/wp-content\/uploads\/2021\/02\/Citronmaane_2008_01-300x225.jpg 300w, https:\/\/test.nextmeal.dk\/wp-content\/uploads\/2021\/02\/Citronmaane_2008_01.jpg 400w\" sizes=\"(max-width: 300px) 100vw, 300px\" \/>\t\t\t\t\t<\/a>\n\t\t\t\t\t\t\t<\/div>\n\t\t\t\t\t\t<h4 class=\"uagb-post__title uagb-post__text\">\n\t\t\t\t<a href=\"https:\/\/test.nextmeal.dk\/en\/blog\/opskrift\/citronmaane\/\" target=\"_self\" rel=\"bookmark noopener noreferrer\">Citronm\u00e5ne<\/a>\n\t\t\t<\/h4>\n\t\t\t\t\t\t<div class='uagb-post__text uagb-post-grid-byline'>\n\t\t\t\t\t\t\t\t<time datetime=\"2021-02-17T22:23:18+01:00\" class=\"uagb-post__date\">\n\t\t\t\t<span class=\"dashicons-calendar dashicons\"><\/span>\t\t\t\t\t17. February 2021\t\t\t\t<\/time>\n\t\t\t\t\t\t<\/div>\n\t\t\t\t\t\t\t<div class='uagb-post__text uagb-post__excerpt'>\n\t\t\t\t\tKlassikeren fra tanken, i en luksus udgave med en frisk og sommerlig smag af citroner.\t\t\t\t<\/div>\n\t\t\t\t\t\t<div class=\"uagb-post__text uagb-post__cta wp-block-button\">\n\t\t\t\t<a class=\"wp-block-button__link uagb-text-link\" style=\"\" href=\"https:\/\/test.nextmeal.dk\/en\/blog\/opskrift\/citronmaane\/\" target=\"_self\" rel=\"bookmark noopener noreferrer\">L\u00e6s mere<\/a>\n\t\t\t<\/div>\n\t\t\t\n\t\t\t\t\t\t\t\t\t<\/article>\n\t\t\t\t\t\t\t\t\t\t\t\t\t\t\t\t<article class=\"uagb-post__inner-wrap\">\t\t\t\t\t\t\t\t<h4 class=\"uagb-post__title uagb-post__text\">\n\t\t\t\t<a href=\"https:\/\/test.nextmeal.dk\/en\/blog\/opskrift\/banankage\/\" target=\"_self\" rel=\"bookmark noopener noreferrer\">Banankage<\/a>\n\t\t\t<\/h4>\n\t\t\t\t\t\t<div class='uagb-post__text uagb-post-grid-byline'>\n\t\t\t\t\t\t\t\t<time datetime=\"2021-02-17T22:07:23+01:00\" class=\"uagb-post__date\">\n\t\t\t\t<span class=\"dashicons-calendar dashicons\"><\/span>\t\t\t\t\t17. February 2021\t\t\t\t<\/time>\n\t\t\t\t\t\t<\/div>\n\t\t\t\t\t\t\t<div class='uagb-post__text uagb-post__excerpt'>\n\t\t\t\t\tBl\u00f8d og velsmagende banankage.\t\t\t\t<\/div>\n\t\t\t\t\t\t<div class=\"uagb-post__text uagb-post__cta wp-block-button\">\n\t\t\t\t<a class=\"wp-block-button__link uagb-text-link\" style=\"\" href=\"https:\/\/test.nextmeal.dk\/en\/blog\/opskrift\/banankage\/\" target=\"_self\" rel=\"bookmark noopener noreferrer\">L\u00e6s mere<\/a>\n\t\t\t<\/div>\n\t\t\t\n\t\t\t\t\t\t\t\t\t<\/article>\n\t\t\t\t\t\t\t\t\t\t\t\t\t\t\t\t<article class=\"uagb-post__inner-wrap\">\t\t\t\t\t\t\t\t<h4 class=\"uagb-post__title uagb-post__text\">\n\t\t\t\t<a href=\"https:\/\/test.nextmeal.dk\/en\/blog\/opskrift\/butter-chicken\/\" target=\"_self\" rel=\"bookmark noopener noreferrer\">Butter chicken<\/a>\n\t\t\t<\/h4>\n\t\t\t\t\t\t<div class='uagb-post__text uagb-post-grid-byline'>\n\t\t\t\t\t\t\t\t<time datetime=\"2021-02-17T02:52:35+01:00\" class=\"uagb-post__date\">\n\t\t\t\t<span class=\"dashicons-calendar dashicons\"><\/span>\t\t\t\t\t17. February 2021\t\t\t\t<\/time>\n\t\t\t\t\t\t<\/div>\n\t\t\t\t\t\t\t<div class='uagb-post__text uagb-post__excerpt'>\n\t\t\t\t\tKlasisk butter chicken, lavet fra bunden. Med denne ret p\u00e5 menuen kan alle v\u00e6re med.\nRetten&#8230;\t\t\t\t<\/div>\n\t\t\t\t\t\t<div class=\"uagb-post__text uagb-post__cta wp-block-button\">\n\t\t\t\t<a class=\"wp-block-button__link uagb-text-link\" style=\"\" href=\"https:\/\/test.nextmeal.dk\/en\/blog\/opskrift\/butter-chicken\/\" target=\"_self\" rel=\"bookmark noopener noreferrer\">L\u00e6s mere<\/a>\n\t\t\t<\/div>\n\t\t\t\n\t\t\t\t\t\t\t\t\t<\/article>\n\t\t\t\t\t\t\t\t\t\t\t\t\t\t\t\t<article class=\"uagb-post__inner-wrap\">\t\t\t\t\t\t\t\t<div class='uagb-post__image'>\n\t\t\t\t\t\t\t\t\t<a href=\"https:\/\/test.nextmeal.dk\/en\/blog\/opskrift\/bao\/\" target=\"_self\" rel=\"bookmark noopener noreferrer\" class='uagb-image-ratio-inherit'><img loading=\"lazy\" decoding=\"async\" width=\"300\" height=\"225\" src=\"https:\/\/test.nextmeal.dk\/wp-content\/uploads\/2021\/02\/Bao_2016_01-300x225.jpg\" class=\"attachment-medium size-medium\" alt=\"Bao\" srcset=\"https:\/\/test.nextmeal.dk\/wp-content\/uploads\/2021\/02\/Bao_2016_01-300x225.jpg 300w, https:\/\/test.nextmeal.dk\/wp-content\/uploads\/2021\/02\/Bao_2016_01.jpg 400w\" sizes=\"(max-width: 300px) 100vw, 300px\" \/>\t\t\t\t\t<\/a>\n\t\t\t\t\t\t\t<\/div>\n\t\t\t\t\t\t<h4 class=\"uagb-post__title uagb-post__text\">\n\t\t\t\t<a href=\"https:\/\/test.nextmeal.dk\/en\/blog\/opskrift\/bao\/\" target=\"_self\" rel=\"bookmark noopener noreferrer\">Bao<\/a>\n\t\t\t<\/h4>\n\t\t\t\t\t\t<div class='uagb-post__text uagb-post-grid-byline'>\n\t\t\t\t\t\t\t\t<time datetime=\"2021-02-15T01:39:48+01:00\" class=\"uagb-post__date\">\n\t\t\t\t<span class=\"dashicons-calendar dashicons\"><\/span>\t\t\t\t\t15. February 2021\t\t\t\t<\/time>\n\t\t\t\t\t\t<\/div>\n\t\t\t\t\t\t\t<div class='uagb-post__text uagb-post__excerpt'>\n\t\t\t\t\tBao er en asiatisk g\u00e6r bolle der damptilberedes, og efterf\u00f8lgende fyldes med det \u00f8nskede fyld,&#8230;\t\t\t\t<\/div>\n\t\t\t\t\t\t<div class=\"uagb-post__text uagb-post__cta wp-block-button\">\n\t\t\t\t<a class=\"wp-block-button__link uagb-text-link\" style=\"\" href=\"https:\/\/test.nextmeal.dk\/en\/blog\/opskrift\/bao\/\" target=\"_self\" rel=\"bookmark noopener noreferrer\">L\u00e6s mere<\/a>\n\t\t\t<\/div>\n\t\t\t\n\t\t\t\t\t\t\t\t\t<\/article>\n\t\t\t\t\t\t\t\t\t\t\t\t\t\t\t\t<article class=\"uagb-post__inner-wrap\">\t\t\t\t\t\t\t\t<h4 class=\"uagb-post__title uagb-post__text\">\n\t\t\t\t<a href=\"https:\/\/test.nextmeal.dk\/en\/blog\/opskrift\/agurkesalat\/\" target=\"_self\" rel=\"bookmark noopener noreferrer\">Agurkesalat<\/a>\n\t\t\t<\/h4>\n\t\t\t\t\t\t<div class='uagb-post__text uagb-post-grid-byline'>\n\t\t\t\t\t\t\t\t<time datetime=\"2021-02-15T00:58:47+01:00\" class=\"uagb-post__date\">\n\t\t\t\t<span class=\"dashicons-calendar dashicons\"><\/span>\t\t\t\t\t15. February 2021\t\t\t\t<\/time>\n\t\t\t\t\t\t<\/div>\n\t\t\t\t\t\t\t<div class='uagb-post__text uagb-post__excerpt'>\n\t\t\t\t\tSyrlige og spr\u00f8de agurkeskiver der fungerer godt som tilbeh\u00f8r til mange retter, fra kylling til&#8230;\t\t\t\t<\/div>\n\t\t\t\t\t\t<div class=\"uagb-post__text uagb-post__cta wp-block-button\">\n\t\t\t\t<a class=\"wp-block-button__link uagb-text-link\" style=\"\" href=\"https:\/\/test.nextmeal.dk\/en\/blog\/opskrift\/agurkesalat\/\" target=\"_self\" rel=\"bookmark noopener noreferrer\">L\u00e6s mere<\/a>\n\t\t\t<\/div>\n\t\t\t\n\t\t\t\t\t\t\t\t\t<\/article>\n\t\t\t\t\t\t\t\t\t\t\t\t\t\t\t\t<article class=\"uagb-post__inner-wrap\">\t\t\t\t\t\t\t\t<h4 class=\"uagb-post__title uagb-post__text\">\n\t\t\t\t<a href=\"https:\/\/test.nextmeal.dk\/en\/blog\/opskrift\/fladbroed\/\" target=\"_self\" rel=\"bookmark noopener noreferrer\">Fladbr\u00f8d<\/a>\n\t\t\t<\/h4>\n\t\t\t\t\t\t<div class='uagb-post__text uagb-post-grid-byline'>\n\t\t\t\t\t\t\t\t<time datetime=\"2021-01-16T00:56:33+01:00\" class=\"uagb-post__date\">\n\t\t\t\t<span class=\"dashicons-calendar dashicons\"><\/span>\t\t\t\t\t16. January 2021\t\t\t\t<\/time>\n\t\t\t\t\t\t<\/div>\n\t\t\t\t\t\t\t<div class='uagb-post__text uagb-post__excerpt'>\n\t\t\t\t\tEt klassisk l\u00e6kkert tyrkisk fladbr\u00f8d, der fungerer godt som b\u00e5de tilbeh\u00f8r til maden, eller en&#8230;\t\t\t\t<\/div>\n\t\t\t\t\t\t<div class=\"uagb-post__text uagb-post__cta wp-block-button\">\n\t\t\t\t<a class=\"wp-block-button__link uagb-text-link\" style=\"\" href=\"https:\/\/test.nextmeal.dk\/en\/blog\/opskrift\/fladbroed\/\" target=\"_self\" rel=\"bookmark noopener noreferrer\">L\u00e6s mere<\/a>\n\t\t\t<\/div>\n\t\t\t\n\t\t\t\t\t\t\t\t\t<\/article>\n\t\t\t\t\t\t\t\t\t\t\t\t\t\t\t\t<article class=\"uagb-post__inner-wrap\">\t\t\t\t\t\t\t\t<div class='uagb-post__image'>\n\t\t\t\t\t\t\t\t\t<a href=\"https:\/\/test.nextmeal.dk\/en\/blog\/opskrift\/aertesuppe\/\" target=\"_self\" rel=\"bookmark noopener noreferrer\" class='uagb-image-ratio-inherit'><img loading=\"lazy\" decoding=\"async\" width=\"300\" height=\"170\" src=\"https:\/\/test.nextmeal.dk\/wp-content\/uploads\/2021\/01\/Aertesuppe_1-300x170.jpeg\" class=\"attachment-medium size-medium\" alt=\"\" srcset=\"https:\/\/test.nextmeal.dk\/wp-content\/uploads\/2021\/01\/Aertesuppe_1-300x170.jpeg 300w, https:\/\/test.nextmeal.dk\/wp-content\/uploads\/2021\/01\/Aertesuppe_1-1024x581.jpeg 1024w, https:\/\/test.nextmeal.dk\/wp-content\/uploads\/2021\/01\/Aertesuppe_1-768x436.jpeg 768w, https:\/\/test.nextmeal.dk\/wp-content\/uploads\/2021\/01\/Aertesuppe_1-1536x872.jpeg 1536w, https:\/\/test.nextmeal.dk\/wp-content\/uploads\/2021\/01\/Aertesuppe_1-2048x1162.jpeg 2048w\" sizes=\"(max-width: 300px) 100vw, 300px\" \/>\t\t\t\t\t<\/a>\n\t\t\t\t\t\t\t<\/div>\n\t\t\t\t\t\t<h4 class=\"uagb-post__title uagb-post__text\">\n\t\t\t\t<a href=\"https:\/\/test.nextmeal.dk\/en\/blog\/opskrift\/aertesuppe\/\" target=\"_self\" rel=\"bookmark noopener noreferrer\">Pea soup<\/a>\n\t\t\t<\/h4>\n\t\t\t\t\t\t<div class='uagb-post__text uagb-post-grid-byline'>\n\t\t\t\t\t\t\t\t<time datetime=\"2021-01-15T00:30:08+01:00\" class=\"uagb-post__date\">\n\t\t\t\t<span class=\"dashicons-calendar dashicons\"><\/span>\t\t\t\t\t15. January 2021\t\t\t\t<\/time>\n\t\t\t\t\t\t<\/div>\n\t\t\t\t\t\t\t<div class='uagb-post__text uagb-post__excerpt'>\n\t\t\t\t\t\u00c6rtesuppen er mild og cremet, og har en frisk og s\u00f8d smag der leder tankerne&#8230;\t\t\t\t<\/div>\n\t\t\t\t\t\t<div class=\"uagb-post__text uagb-post__cta wp-block-button\">\n\t\t\t\t<a class=\"wp-block-button__link uagb-text-link\" style=\"\" href=\"https:\/\/test.nextmeal.dk\/en\/blog\/opskrift\/aertesuppe\/\" target=\"_self\" rel=\"bookmark noopener noreferrer\">L\u00e6s mere<\/a>\n\t\t\t<\/div>\n\t\t\t\n\t\t\t\t\t\t\t\t\t<\/article>\n\t\t\t\t\t\t\t\t\t\t\t\t\t\t\t\t<article class=\"uagb-post__inner-wrap\">\t\t\t\t\t\t\t\t<h4 class=\"uagb-post__title uagb-post__text\">\n\t\t\t\t<a href=\"https:\/\/test.nextmeal.dk\/en\/blog\/opskrift\/pommes-frites-krydderi\/\" target=\"_self\" rel=\"bookmark noopener noreferrer\">Pommes frites krydderi<\/a>\n\t\t\t<\/h4>\n\t\t\t\t\t\t<div class='uagb-post__text uagb-post-grid-byline'>\n\t\t\t\t\t\t\t\t<time datetime=\"2021-01-14T20:00:00+01:00\" class=\"uagb-post__date\">\n\t\t\t\t<span class=\"dashicons-calendar dashicons\"><\/span>\t\t\t\t\t14. January 2021\t\t\t\t<\/time>\n\t\t\t\t\t\t<\/div>\n\t\t\t\t\t\t\t<div class='uagb-post__text uagb-post__excerpt'>\n\t\t\t\t\tDenne pommes frites krydderiblanding g\u00f8r sig godt p\u00e5 forskellige typer kartofler, men kan ogs\u00e5 bruges&#8230;\t\t\t\t<\/div>\n\t\t\t\t\t\t<div class=\"uagb-post__text uagb-post__cta wp-block-button\">\n\t\t\t\t<a class=\"wp-block-button__link uagb-text-link\" style=\"\" href=\"https:\/\/test.nextmeal.dk\/en\/blog\/opskrift\/pommes-frites-krydderi\/\" target=\"_self\" rel=\"bookmark noopener noreferrer\">L\u00e6s mere<\/a>\n\t\t\t<\/div>\n\t\t\t\n\t\t\t\t\t\t\t\t\t<\/article>\n\t\t\t\t\t\t\t\t\t\t\t\t\t<div class=\"uagb-post-pagination-wrap\">\n\t\t\t\t\t\t\t\t\t\t\t<\/div>\n\t\t\t\t\t\t\t\t<\/div>","protected":false},"excerpt":{"rendered":"","protected":false},"author":2,"featured_media":0,"parent":0,"menu_order":0,"comment_status":"closed","ping_status":"closed","template":"","meta":{"_acf_changed":false,"_uag_custom_page_level_css":"","advgb_blocks_editor_width":"","advgb_blocks_columns_visual_guide":"","_themeisle_gutenberg_block_has_review":false,"footnotes":""},"class_list":["post-526","page","type-page","status-publish","hentry"],"blocksy_meta":{"styles_descriptor":{"styles":{"desktop":"","tablet":"","mobile":""},"google_fonts":[],"version":6}},"acf":[],"uagb_featured_image_src":{"full":false,"thumbnail":false,"medium":false,"medium_large":false,"large":false,"1536x1536":false,"2048x2048":false,"trp-custom-language-flag":false,"woocommerce_archive_thumbnail":false,"woocommerce_thumbnail":false,"woocommerce_single":false,"woocommerce_gallery_thumbnail":false},"uagb_author_info":{"display_name":"Lars Overgaard Larsen","author_link":"https:\/\/test.nextmeal.dk\/en\/blog\/author\/lars\/"},"uagb_comment_info":0,"uagb_excerpt":null,"coauthors":[],"author_meta":{"author_link":"https:\/\/test.nextmeal.dk\/en\/blog\/author\/lars\/","display_name":"Lars Overgaard Larsen"},"relative_dates":{"created":"Posted 5 years ago","modified":"Updated 5 years ago"},"absolute_dates":{"created":"Posted on 4. January 2021","modified":"Updated on 31. March 2021"},"absolute_dates_time":{"created":"Posted on 4. January 2021 0:20","modified":"Updated on 31. March 2021 17:40"},"featured_img_caption":"","featured_img":false,"series_order":"","_links":{"self":[{"href":"https:\/\/test.nextmeal.dk\/en\/wp-json\/wp\/v2\/pages\/526"}],"collection":[{"href":"https:\/\/test.nextmeal.dk\/en\/wp-json\/wp\/v2\/pages"}],"about":[{"href":"https:\/\/test.nextmeal.dk\/en\/wp-json\/wp\/v2\/types\/page"}],"author":[{"embeddable":true,"href":"https:\/\/test.nextmeal.dk\/en\/wp-json\/wp\/v2\/users\/2"}],"replies":[{"embeddable":true,"href":"https:\/\/test.nextmeal.dk\/en\/wp-json\/wp\/v2\/comments?post=526"}],"version-history":[{"count":4,"href":"https:\/\/test.nextmeal.dk\/en\/wp-json\/wp\/v2\/pages\/526\/revisions"}],"predecessor-version":[{"id":830,"href":"https:\/\/test.nextmeal.dk\/en\/wp-json\/wp\/v2\/pages\/526\/revisions\/830"}],"wp:attachment":[{"href":"https:\/\/test.nextmeal.dk\/en\/wp-json\/wp\/v2\/media?parent=526"}],"curies":[{"name":"wp","href":"https:\/\/api.w.org\/{rel}","templated":true}]}}